{"id":2,"date":"2013-01-30T00:17:49","date_gmt":"2013-01-30T00:17:49","guid":{"rendered":"http:\/\/yesnomads.com\/de\/?page_id=2"},"modified":"2022-04-27T20:42:25","modified_gmt":"2022-04-27T20:42:25","slug":"ueber-uns","status":"publish","type":"page","link":"http:\/\/yesnomads.com\/de\/ueber-uns\/","title":{"rendered":"\u00dcber uns"},"content":{"rendered":"<h2>Willkommen auf <span style=\"color: #0000ff;\">Yes<\/span><span style=\"color: #ff0066;\">Nomads<\/span><span style=\"color: #0000ff;\">.com<\/span><\/h2>\n<p>Unabh\u00e4ngige Reiseberichte, Produktberichte und mehr.<\/p>\n<p>Wir sind Kristin (Deutsche) und Paul (Engl\u00e4nder) und wir waren \u00fcber 7 Jahre Langzeit- Nomaden. Wir berichten auf Deutsch und Englisch \u00fcber die tollsten Orte der Welt durch Videos, Fotos sowie Artikel.<\/p>\n<p>Hier sind einige L\u00e4nder, die wir bisher bereist haben\u00a0(bei einigen m\u00fcssen wir das Material noch bearbeiten): Australien, Tschechische Republik, Frankreich, Deutschland, Portugal, England und Schottland, Frankreich, Irland, Indonesien, Kambodscha, Malaysia, Neuseeland, Norwegen, Panama, Spanien, Sri Lanka, T\u00fcrkei, U.A.E., USA&#8230;..<\/p>\n<p>Durch die Corona-Krise haben wir uns in England nieder gelassen und seitdem berichten wir aus der UK von Sehensw\u00fcrdigkeiten.<\/p>\n<p>Des Weiteren f\u00fcgen wir Videos aus unserem Leben hier hinzu und auch Produktberichte.<\/p>\n<h3><a href=\"https:\/\/www.youtube.com\/channel\/UCLuYMGPNybbcETKo-G-OtNQ\">Youtube<\/a><\/h3>\n<h3><a title=\"Instagram\" href=\"http:\/\/instagram.com\/yesnomads\">Instagram<\/a><\/h3>\n<h3><a title=\"Twitter\" href=\"https:\/\/twitter.com\/janomaden\" target=\"_blank\" rel=\"noopener\">Twitter<\/a><\/h3>\n<h3><a title=\"Pinterest\" href=\"http:\/\/www.pinterest.com\/janomaden\/\" target=\"_blank\" rel=\"noopener\">Pinterest<\/a><\/h3>\n<h3><a title=\"Facebook Janoaden\" href=\"https:\/\/www.facebook.com\/Janomaden\" target=\"_blank\" rel=\"noopener\"><span style=\"color: #0000ff;\">Facebook<\/span><\/a><\/h3>\n","protected":false},"excerpt":{"rendered":"<p>Willkommen auf YesNomads.com Unabh\u00e4ngige Reiseberichte, Produktberichte und mehr. Wir sind Kristin (Deutsche) und Paul (Engl\u00e4nder) und wir waren \u00fcber 7 Jahre Langzeit- Nomaden. Wir berichten auf Deutsch und Englisch \u00fcber die tollsten Orte der Welt durch Videos, Fotos sowie Artikel. Hier sind einige L\u00e4nder, die wir bisher bereist haben\u00a0(bei einigen m\u00fcssen wir das Material noch [&hellip;]<\/p>\n","protected":false},"author":1,"featured_media":0,"parent":0,"menu_order":0,"comment_status":"open","ping_status":"open","template":"","meta":{"_et_pb_use_builder":"off","_et_pb_old_content":"<h2>Willkommen auf <span style=\"color: #0000ff;\">Yes<\/span><span style=\"color: #ff0066;\">Nomads<\/span><span style=\"color: #0000ff;\">.com<\/span><\/h2>\nUnabh\u00e4ngige Reiseberichte, Produktberichte und mehr.\n\nWir sind Kristin (Deutsche) und Paul (Engl\u00e4nder) und wir waren \u00fcber 7 Jahre Langzeit- Nomaden. Wir berichten auf Deutsch und Englisch \u00fcber die tollsten Orte der Welt durch Videos, Fotos sowie Artikel.\n\nHier sind einige L\u00e4nder, die wir bisher bereist haben\u00a0(bei einigen m\u00fcssen wir das Material noch bearbeiten): Australien, Tschechische Republik, Frankreich, Deutschland, Portugal, England und Schottland, Frankreich, Irland, Indonesien, Kambodscha, Malaysia, Neuseeland, Norwegen, Panama, Spanien, Sri Lanka, T\u00fcrkei, U.A.E., USA.....\n\nDurch die Corona-Krise haben wir uns in England nieder gelassen und seitdem berichten wir aus der UK von Sehensw\u00fcrdigkeiten.\n\nDes Weiteren f\u00fcgen wir Videos aus unserem Leben hier hinzu und auch Produktberichte.\n<h3><a title=\"Instagram\" href=\"http:\/\/instagram.com\/yesnomads\">Instagram<\/a><\/h3>\n<h3><a title=\"Twitter\" href=\"https:\/\/twitter.com\/janomaden\" target=\"_blank\" rel=\"noopener\">Twitter<\/a><\/h3>\n<h3><a title=\"Pinterest\" href=\"http:\/\/www.pinterest.com\/janomaden\/\" target=\"_blank\" rel=\"noopener\">Pinterest<\/a><\/h3>\n<h3><a title=\"Facebook Janoaden\" href=\"https:\/\/www.facebook.com\/Janomaden\" target=\"_blank\" rel=\"noopener\"><span style=\"color: #0000ff;\">Facebook<\/span><\/a><\/h3>","_et_gb_content_width":"","jetpack_post_was_ever_published":false,"footnotes":""},"class_list":["post-2","page","type-page","status-publish","hentry"],"aioseo_notices":[],"jetpack_sharing_enabled":true,"jetpack_shortlink":"https:\/\/wp.me\/P3pL6B-2","jetpack-related-posts":[],"_links":{"self":[{"href":"http:\/\/yesnomads.com\/de\/wp-json\/wp\/v2\/pages\/2","targetHints":{"allow":["GET"]}}],"collection":[{"href":"http:\/\/yesnomads.com\/de\/wp-json\/wp\/v2\/pages"}],"about":[{"href":"http:\/\/yesnomads.com\/de\/wp-json\/wp\/v2\/types\/page"}],"author":[{"embeddable":true,"href":"http:\/\/yesnomads.com\/de\/wp-json\/wp\/v2\/users\/1"}],"replies":[{"embeddable":true,"href":"http:\/\/yesnomads.com\/de\/wp-json\/wp\/v2\/comments?post=2"}],"version-history":[{"count":22,"href":"http:\/\/yesnomads.com\/de\/wp-json\/wp\/v2\/pages\/2\/revisions"}],"predecessor-version":[{"id":3709,"href":"http:\/\/yesnomads.com\/de\/wp-json\/wp\/v2\/pages\/2\/revisions\/3709"}],"wp:attachment":[{"href":"http:\/\/yesnomads.com\/de\/wp-json\/wp\/v2\/media?parent=2"}],"curies":[{"name":"wp","href":"https:\/\/api.w.org\/{rel}","templated":true}]}}