{"id":2555,"date":"2015-03-06T12:29:17","date_gmt":"2015-03-06T12:29:17","guid":{"rendered":"http:\/\/yesnomads.com\/de\/?page_id=2555"},"modified":"2015-04-22T08:26:03","modified_gmt":"2015-04-22T08:26:03","slug":"kuala-lumpur-in-malaysia","status":"publish","type":"page","link":"http:\/\/yesnomads.com\/de\/kuala-lumpur-in-malaysia\/","title":{"rendered":"Kuala Lumpur in Malaysia"},"content":{"rendered":"<h3>Klickt auf die folgenden Links um die Beitr\u00e4ge in einem gr\u00f6\u00dferem Format zu sehen bzw. zu Lesen.<\/h3>\n<p>&nbsp;<\/p>\n","protected":false},"excerpt":{"rendered":"<p>Klickt auf die folgenden Links um die Beitr\u00e4ge in einem gr\u00f6\u00dferem Format zu sehen bzw. zu Lesen. &nbsp;<\/p>\n","protected":false},"author":1,"featured_media":0,"parent":0,"menu_order":0,"comment_status":"open","ping_status":"open","template":"page-template-portfolio.php","meta":{"_et_pb_use_builder":"","_et_pb_old_content":"","_et_gb_content_width":"","jetpack_post_was_ever_published":false,"footnotes":""},"class_list":["post-2555","page","type-page","status-publish","hentry"],"aioseo_notices":[],"jetpack_sharing_enabled":false,"jetpack_shortlink":"https:\/\/wp.me\/P3pL6B-Fd","jetpack-related-posts":[],"_links":{"self":[{"href":"http:\/\/yesnomads.com\/de\/wp-json\/wp\/v2\/pages\/2555","targetHints":{"allow":["GET"]}}],"collection":[{"href":"http:\/\/yesnomads.com\/de\/wp-json\/wp\/v2\/pages"}],"about":[{"href":"http:\/\/yesnomads.com\/de\/wp-json\/wp\/v2\/types\/page"}],"author":[{"embeddable":true,"href":"http:\/\/yesnomads.com\/de\/wp-json\/wp\/v2\/users\/1"}],"replies":[{"embeddable":true,"href":"http:\/\/yesnomads.com\/de\/wp-json\/wp\/v2\/comments?post=2555"}],"version-history":[{"count":3,"href":"http:\/\/yesnomads.com\/de\/wp-json\/wp\/v2\/pages\/2555\/revisions"}],"predecessor-version":[{"id":2652,"href":"http:\/\/yesnomads.com\/de\/wp-json\/wp\/v2\/pages\/2555\/revisions\/2652"}],"wp:attachment":[{"href":"http:\/\/yesnomads.com\/de\/wp-json\/wp\/v2\/media?parent=2555"}],"curies":[{"name":"wp","href":"https:\/\/api.w.org\/{rel}","templated":true}]}}