{"id":737,"date":"2013-10-14T03:24:36","date_gmt":"2013-10-14T03:24:36","guid":{"rendered":"http:\/\/yesnomads.com\/de\/?page_id=737"},"modified":"2017-05-30T19:22:01","modified_gmt":"2017-05-30T19:22:01","slug":"portugal","status":"publish","type":"page","link":"http:\/\/yesnomads.com\/de\/portugal\/","title":{"rendered":"Portugal"},"content":{"rendered":"<h4>Klickt auf die unten genannten Links um die Beitr\u00e4ge der jeweiligen Orte &amp; der anderen Kategorien zu lesen.<\/h4>\n<div id=\"attachment_1392\" style=\"width: 250px\" class=\"wp-caption alignright\"><a href=\"https:\/\/i0.wp.com\/yesnomads.com\/de\/wp-content\/uploads\/2013\/10\/Flagge-von-Portugal.jpg\"><img data-recalc-dims=\"1\" loading=\"lazy\" decoding=\"async\" aria-describedby=\"caption-attachment-1392\" data-attachment-id=\"1392\" data-permalink=\"http:\/\/yesnomads.com\/de\/portugal\/flagge-von-portugal\/\" data-orig-file=\"https:\/\/i0.wp.com\/yesnomads.com\/de\/wp-content\/uploads\/2013\/10\/Flagge-von-Portugal.jpg?fit=400%2C276\" data-orig-size=\"400,276\" data-comments-opened=\"1\" data-image-meta=\"{&quot;aperture&quot;:&quot;7.1&quot;,&quot;credit&quot;:&quot;Kristin Greenwood&quot;,&quot;camera&quot;:&quot;Canon EOS 550D&quot;,&quot;caption&quot;:&quot;&quot;,&quot;created_timestamp&quot;:&quot;1387038159&quot;,&quot;copyright&quot;:&quot;Kristin Greenwood&quot;,&quot;focal_length&quot;:&quot;183&quot;,&quot;iso&quot;:&quot;500&quot;,&quot;shutter_speed&quot;:&quot;0.0005&quot;,&quot;title&quot;:&quot;&quot;}\" data-image-title=\"Flagge von Portugal\" data-image-description=\"\" data-image-caption=\"&lt;p&gt;Flagge von Portugal&lt;\/p&gt;\n\" data-medium-file=\"https:\/\/i0.wp.com\/yesnomads.com\/de\/wp-content\/uploads\/2013\/10\/Flagge-von-Portugal.jpg?fit=300%2C207\" data-large-file=\"https:\/\/i0.wp.com\/yesnomads.com\/de\/wp-content\/uploads\/2013\/10\/Flagge-von-Portugal.jpg?fit=400%2C276\" class=\" wp-image-1392 \" src=\"https:\/\/i0.wp.com\/yesnomads.com\/de\/wp-content\/uploads\/2013\/10\/Flagge-von-Portugal.jpg?resize=240%2C166\" alt=\"Flagge von Portugal\" width=\"240\" height=\"166\" srcset=\"https:\/\/i0.wp.com\/yesnomads.com\/de\/wp-content\/uploads\/2013\/10\/Flagge-von-Portugal.jpg?resize=300%2C207 300w, https:\/\/i0.wp.com\/yesnomads.com\/de\/wp-content\/uploads\/2013\/10\/Flagge-von-Portugal.jpg?w=400 400w\" sizes=\"(max-width: 240px) 100vw, 240px\" \/><\/a><p id=\"caption-attachment-1392\" class=\"wp-caption-text\">Flagge von Portugal<\/p><\/div>\n<h3><a title=\"Albufeira\" href=\"http:\/\/yesnomads.com\/de\/category\/albufeira\/\">Albufeira<\/a><\/h3>\n<h3><a href=\"http:\/\/yesnomads.com\/de\/category\/armacao-de-pera\/\">Armacao de Pera<\/a><\/h3>\n<h3><a href=\"http:\/\/yesnomads.com\/de\/category\/braga\/\">Braga<\/a><\/h3>\n<h3><a title=\"Estoril\" href=\"http:\/\/yesnomads.com\/de\/category\/estoril\/\">Estoril<\/a><\/h3>\n<h3><a title=\"Evora\" href=\"http:\/\/yesnomads.com\/de\/category\/evora\/\">\u00c9vora<\/a><\/h3>\n<h3><span style=\"color: #0000ff;\"><a href=\"http:\/\/yesnomads.com\/de\/category\/figueira-da-foz\/\">Figueira Da Foz<\/a><\/span><\/h3>\n<h3><a title=\"Lissabon\" href=\"http:\/\/yesnomads.com\/de\/category\/lissabon\/\">Lissabon<\/a><\/h3>\n<h3><a title=\"Loule\" href=\"http:\/\/yesnomads.com\/de\/category\/loule\/\">Loul\u00e9<\/a><\/h3>\n<h3><span style=\"color: #0000ff;\"><a style=\"color: #0000ff;\" href=\"http:\/\/yesnomads.com\/de\/category\/madeira\/\">Madeira<\/a><\/span><\/h3>\n<h3><a title=\"Porto\" href=\"http:\/\/yesnomads.com\/de\/category\/porto\/\">Porto<\/a><\/h3>\n<h3><a style=\"font-size: 1.17em; line-height: 1.5em;\" title=\"Ria Formosa\" href=\"http:\/\/yesnomads.com\/de\/category\/ria-formosa\/\">Ria Formosa National Park<\/a><\/h3>\n<h3><a title=\"Tavira\" href=\"http:\/\/yesnomads.com\/de\/category\/tavira\/\">Tavira<\/a><\/h3>\n<h3><a title=\"Olh\u00e3o\" href=\"http:\/\/yesnomads.com\/de\/category\/olhao\/\">Olh\u00e3o<\/a><\/h3>\n<h3><a title=\"Portugal Kork\" href=\"http:\/\/yesnomads.com\/de\/category\/portugal-kork\/\">Portugal Kork<\/a><\/h3>\n<h3><\/h3>\n<div id=\"attachment_1393\" style=\"width: 330px\" class=\"wp-caption aligncenter\"><a href=\"https:\/\/i0.wp.com\/yesnomads.com\/de\/wp-content\/uploads\/2013\/10\/Seite-Portugal.jpg\"><img data-recalc-dims=\"1\" loading=\"lazy\" decoding=\"async\" aria-describedby=\"caption-attachment-1393\" data-attachment-id=\"1393\" data-permalink=\"http:\/\/yesnomads.com\/de\/portugal\/seite-portugal\/\" data-orig-file=\"https:\/\/i0.wp.com\/yesnomads.com\/de\/wp-content\/uploads\/2013\/10\/Seite-Portugal.jpg?fit=400%2C235\" data-orig-size=\"400,235\" data-comments-opened=\"1\" data-image-meta=\"{&quot;aperture&quot;:&quot;10&quot;,&quot;credit&quot;:&quot;&quot;,&quot;camera&quot;:&quot;NIKON D80&quot;,&quot;caption&quot;:&quot;&quot;,&quot;created_timestamp&quot;:&quot;1285673345&quot;,&quot;copyright&quot;:&quot;Kristin Greenwood&quot;,&quot;focal_length&quot;:&quot;31&quot;,&quot;iso&quot;:&quot;100&quot;,&quot;shutter_speed&quot;:&quot;0.004&quot;,&quot;title&quot;:&quot;&quot;}\" data-image-title=\"Seite Portugal\" data-image-description=\"\" data-image-caption=\"\" data-medium-file=\"https:\/\/i0.wp.com\/yesnomads.com\/de\/wp-content\/uploads\/2013\/10\/Seite-Portugal.jpg?fit=300%2C176\" data-large-file=\"https:\/\/i0.wp.com\/yesnomads.com\/de\/wp-content\/uploads\/2013\/10\/Seite-Portugal.jpg?fit=400%2C235\" class=\" wp-image-1393 \" src=\"https:\/\/i0.wp.com\/yesnomads.com\/de\/wp-content\/uploads\/2013\/10\/Seite-Portugal.jpg?resize=320%2C188\" alt=\"Seite Portugal\" width=\"320\" height=\"188\" srcset=\"https:\/\/i0.wp.com\/yesnomads.com\/de\/wp-content\/uploads\/2013\/10\/Seite-Portugal.jpg?w=400 400w, https:\/\/i0.wp.com\/yesnomads.com\/de\/wp-content\/uploads\/2013\/10\/Seite-Portugal.jpg?resize=300%2C176 300w\" sizes=\"(max-width: 320px) 100vw, 320px\" \/><\/a><p id=\"caption-attachment-1393\" class=\"wp-caption-text\">Portugal<\/p><\/div>\n","protected":false},"excerpt":{"rendered":"<p>Klickt auf die unten genannten Links um die Beitr\u00e4ge der jeweiligen Orte &amp; der anderen Kategorien zu lesen. Albufeira Armacao de Pera Braga Estoril \u00c9vora Figueira Da Foz Lissabon Loul\u00e9 Madeira Porto Ria Formosa National Park Tavira Olh\u00e3o Portugal Kork<\/p>\n","protected":false},"author":1,"featured_media":0,"parent":0,"menu_order":0,"comment_status":"open","ping_status":"open","template":"","meta":{"_et_pb_use_builder":"","_et_pb_old_content":"","_et_gb_content_width":"","jetpack_post_was_ever_published":false,"footnotes":""},"class_list":["post-737","page","type-page","status-publish","hentry"],"aioseo_notices":[],"jetpack_sharing_enabled":true,"jetpack_shortlink":"https:\/\/wp.me\/P3pL6B-bT","jetpack-related-posts":[],"_links":{"self":[{"href":"http:\/\/yesnomads.com\/de\/wp-json\/wp\/v2\/pages\/737","targetHints":{"allow":["GET"]}}],"collection":[{"href":"http:\/\/yesnomads.com\/de\/wp-json\/wp\/v2\/pages"}],"about":[{"href":"http:\/\/yesnomads.com\/de\/wp-json\/wp\/v2\/types\/page"}],"author":[{"embeddable":true,"href":"http:\/\/yesnomads.com\/de\/wp-json\/wp\/v2\/users\/1"}],"replies":[{"embeddable":true,"href":"http:\/\/yesnomads.com\/de\/wp-json\/wp\/v2\/comments?post=737"}],"version-history":[{"count":24,"href":"http:\/\/yesnomads.com\/de\/wp-json\/wp\/v2\/pages\/737\/revisions"}],"predecessor-version":[{"id":3333,"href":"http:\/\/yesnomads.com\/de\/wp-json\/wp\/v2\/pages\/737\/revisions\/3333"}],"wp:attachment":[{"href":"http:\/\/yesnomads.com\/de\/wp-json\/wp\/v2\/media?parent=737"}],"curies":[{"name":"wp","href":"https:\/\/api.w.org\/{rel}","templated":true}]}}